{"id":2290,"date":"2018-01-17T11:14:02","date_gmt":"2018-01-17T11:14:02","guid":{"rendered":"http:\/\/eisenwerke.de\/?page_id=2290"},"modified":"2018-01-17T11:16:10","modified_gmt":"2018-01-17T11:16:10","slug":"impressum","status":"publish","type":"page","link":"https:\/\/eisenwerke.de\/?page_id=2290","title":{"rendered":"Impressum"},"content":{"rendered":"<h3>Impressum<\/h3>\n<p>&nbsp;<\/p>\n<p>&nbsp;<\/p>\n<h3>Angaben gem\u00e4\u00df \u00a7 5 TMG:<\/h3>\n<p>Ciamak Bazzazi<br \/>\nEISENWERKE<br \/>\nLingscheiderhof 10<br \/>\n53902 Bad M\u00fcnstereifel<\/p>\n<p>&nbsp;<\/p>\n<h3>Kontakt:<\/h3>\n<p>Telefon: 02253 \/ 54 33 22<br \/>\nE-Mail:\u00a0eisenwerke@hotmail.de<\/p>\n<h3>Umsatzsteuer:<\/h3>\n<p>Umsatzsteuer-Identifikationsnummer<br \/>\ngem\u00e4\u00df \u00a727 a Umsatzsteuergesetz:<br \/>\nDE-180343304<\/p>\n<h3>Streitschlichtung<\/h3>\n<p>Wir sind nicht bereit oder verpflichtet, an Streitbeilegungsverfahren vor einer\u00a0Verbraucherschlichtungsstelle teilzunehmen.<\/p>\n<h3>Haftung f\u00fcr Inhalte<\/h3>\n<p>Als\u00a0Diensteanbieter sind wir gem\u00e4\u00df \u00a7 7 Abs.1 TMG f\u00fcr eigene Inhalte auf diesen Seiten\u00a0nach den allgemeinen Gesetzen verantwortlich. Nach \u00a7\u00a7 8 bis 10 TMG sind wir als\u00a0Diensteanbieter jedoch nicht verpflichtet, \u00fcbermittelte oder gespeicherte fremde Informationen zu\u00a0\u00fcberwachen oder nach Umst\u00e4nden zu forschen, die auf eine rechtswidrige T\u00e4tigkeit\u00a0hinweisen.<\/p>\n<p>Verpflichtungen zur Entfernung oder Sperrung der Nutzung von Informationen nach\u00a0den allgemeinen Gesetzen bleiben hiervon unber\u00fchrt. Eine diesbez\u00fcgliche Haftung ist jedoch\u00a0erst ab dem Zeitpunkt der Kenntnis einer konkreten Rechtsverletzung m\u00f6glich. Bei Bekanntwerden\u00a0von entsprechenden Rechtsverletzungen werden wir diese Inhalte umgehend entfernen.<\/p>\n<h3>Haftung f\u00fcr Links<\/h3>\n<p>Unser Angebot enth\u00e4lt Links zu externen Webseiten Dritter, auf\u00a0deren Inhalte wir keinen Einfluss haben. Deshalb k\u00f6nnen wir f\u00fcr diese fremden Inhalte auch\u00a0keine Gew\u00e4hr \u00fcbernehmen. F\u00fcr die Inhalte der verlinkten Seiten ist stets der jeweilige\u00a0Anbieter oder Betreiber der Seiten verantwortlich. Die verlinkten Seiten wurden zum Zeitpunkt der\u00a0Verlinkung auf m\u00f6gliche Rechtsverst\u00f6\u00dfe \u00fcberpr\u00fcft. Rechtswidrige Inhalte\u00a0waren zum Zeitpunkt der Verlinkung nicht erkennbar.<\/p>\n<p>Eine permanente inhaltliche Kontrolle der\u00a0verlinkten Seiten ist jedoch ohne konkrete Anhaltspunkte einer Rechtsverletzung nicht zumutbar. Bei\u00a0Bekanntwerden von Rechtsverletzungen werden wir derartige Links umgehend entfernen.<\/p>\n<h3>Urheberrecht<\/h3>\n<p>Die durch die Seitenbetreiber erstellten Inhalte und Werke auf diesen Seiten\u00a0unterliegen dem deutschen Urheberrecht. Die Vervielf\u00e4ltigung, Bearbeitung, Verbreitung und jede\u00a0Art der Verwertung au\u00dferhalb der Grenzen des Urheberrechtes bed\u00fcrfen der schriftlichen\u00a0Zustimmung des jeweiligen Autors bzw. Erstellers. Downloads und Kopien dieser Seite sind nur f\u00fcr\u00a0den privaten, nicht kommerziellen Gebrauch gestattet.<\/p>\n<p>Soweit die Inhalte auf dieser Seite nicht\u00a0vom Betreiber erstellt wurden, werden die Urheberrechte Dritter beachtet. Insbesondere werden Inhalte\u00a0Dritter als solche gekennzeichnet. Sollten Sie trotzdem auf eine Urheberrechtsverletzung aufmerksam\u00a0werden, bitten wir um einen entsprechenden Hinweis. Bei Bekanntwerden von Rechtsverletzungen\u00a0werden wir derartige Inhalte umgehend entfernen.<\/p>\n<p>Quelle: <a href=\"https:\/\/www.e-recht24.de\"><br \/>\nhttps:\/\/www.e-recht24.de<\/a><\/p>\n<p>&nbsp;<\/p>\n<p>&nbsp;<\/p>\n<h3>Datenschutzerkl\u00e4rung<\/h3>\n<h3>Datenschutz<\/h3>\n<p>Die Betreiber dieser Seiten nehmen\u00a0den Schutz Ihrer pers\u00f6nlichen Daten sehr ernst. Wir behandeln Ihre personenbezogenen Daten\u00a0vertraulich und entsprechend der gesetzlichen Datenschutzvorschriften sowie dieser\u00a0Datenschutzerkl\u00e4rung.<\/p>\n<p>Die Nutzung unserer Webseite ist in der Regel ohne Angabe\u00a0personenbezogener Daten m\u00f6glich. Soweit auf unseren Seiten personenbezogene Daten\u00a0(beispielsweise Name, Anschrift oder E-Mail-Adressen) erhoben werden, erfolgt dies, soweit\u00a0m\u00f6glich, stets auf freiwilliger Basis. Diese Daten werden ohne Ihre ausdr\u00fcckliche Zustimmung\u00a0nicht an Dritte weitergegeben.<\/p>\n<p>Wir weisen darauf hin, dass die Daten\u00fcbertragung im Internet\u00a0(z.B. bei der Kommunikation per E-Mail) Sicherheitsl\u00fccken aufweisen kann. Ein l\u00fcckenloser\u00a0Schutz der Daten vor dem Zugriff durch Dritte ist nicht m\u00f6glich.<\/p>\n<h3>Server-Log-Files<\/h3>\n<p>Der Provider der Seiten erhebt und speichert automatisch Informationen in so genannten\u00a0Server-Log Files, die Ihr Browser automatisch an uns \u00fcbermittelt. Dies sind:<\/p>\n<ul>\n<li>Browsertyp und Browserversion<\/li>\n<li>verwendetes Betriebssystem<\/li>\n<li>Referrer URL<\/li>\n<li>Hostname des zugreifenden Rechners<\/li>\n<li>Uhrzeit der Serveranfrage<\/li>\n<\/ul>\n<p>Diese Daten sind\u00a0nicht bestimmten Personen zuordenbar. Eine Zusammenf\u00fchrung dieser Daten mit anderen\u00a0Datenquellen wird nicht vorgenommen. Wir behalten uns vor, diese Daten nachtr\u00e4glich zu<br \/>\npr\u00fcfen, wenn uns konkrete Anhaltspunkte f\u00fcr eine rechtswidrige Nutzung bekannt werden.<\/p>\n<p>&nbsp;<\/p>\n<p>Quelle: <a href=\"https:\/\/www.e-recht24.de\">https:\/\/www.e-recht24.de<\/a><\/p>\n","protected":false},"excerpt":{"rendered":"<p>Impressum &nbsp; &nbsp; Angaben gem\u00e4\u00df \u00a7 5 TMG: Ciamak Bazzazi EISENWERKE Lingscheiderhof 10 53902 Bad M\u00fcnstereifel &nbsp; Kontakt: Telefon: 02253 \/ 54 33 22 E-Mail:\u00a0eisenwerke@hotmail.de Umsatzsteuer: Umsatzsteuer-Identifikationsnummer gem\u00e4\u00df \u00a727 a Umsatzsteuergesetz: DE-180343304 Streitschlichtung Wir sind nicht bereit oder verpflichtet, an Streitbeilegungsverfahren vor einer\u00a0Verbraucherschlichtungsstelle teilzunehmen. Haftung f\u00fcr Inhalte Als\u00a0Diensteanbieter sind wir gem\u00e4\u00df \u00a7 7 Abs.1 TMG [&hellip;]<\/p>\n","protected":false},"author":1,"featured_media":0,"parent":0,"menu_order":0,"comment_status":"closed","ping_status":"closed","template":"","meta":{"footnotes":""},"class_list":["post-2290","page","type-page","status-publish","hentry"],"_links":{"self":[{"href":"https:\/\/eisenwerke.de\/index.php?rest_route=\/wp\/v2\/pages\/2290","targetHints":{"allow":["GET"]}}],"collection":[{"href":"https:\/\/eisenwerke.de\/index.php?rest_route=\/wp\/v2\/pages"}],"about":[{"href":"https:\/\/eisenwerke.de\/index.php?rest_route=\/wp\/v2\/types\/page"}],"author":[{"embeddable":true,"href":"https:\/\/eisenwerke.de\/index.php?rest_route=\/wp\/v2\/users\/1"}],"replies":[{"embeddable":true,"href":"https:\/\/eisenwerke.de\/index.php?rest_route=%2Fwp%2Fv2%2Fcomments&post=2290"}],"version-history":[{"count":4,"href":"https:\/\/eisenwerke.de\/index.php?rest_route=\/wp\/v2\/pages\/2290\/revisions"}],"predecessor-version":[{"id":2294,"href":"https:\/\/eisenwerke.de\/index.php?rest_route=\/wp\/v2\/pages\/2290\/revisions\/2294"}],"wp:attachment":[{"href":"https:\/\/eisenwerke.de\/index.php?rest_route=%2Fwp%2Fv2%2Fmedia&parent=2290"}],"curies":[{"name":"wp","href":"https:\/\/api.w.org\/{rel}","templated":true}]}}